{"id":4175,"date":"2023-05-18T10:38:40","date_gmt":"2023-05-18T14:38:40","guid":{"rendered":"https:\/\/www.selectrum.com\/agency-services\/"},"modified":"2024-08-30T07:15:00","modified_gmt":"2024-08-30T11:15:00","slug":"agency-services","status":"publish","type":"page","link":"https:\/\/www.selectrum.com\/en\/services\/agency-services\/","title":{"rendered":"Agency Services"},"content":{"rendered":"","protected":false},"excerpt":{"rendered":"","protected":false},"author":1,"featured_media":0,"parent":4177,"menu_order":10,"comment_status":"closed","ping_status":"closed","template":"templates\/agencies.php","meta":{"_acf_changed":false,"footnotes":""},"class_list":["post-4175","page","type-page","status-publish","hentry"],"acf":[],"yoast_head":"<!-- This site is optimized with the Yoast SEO Premium plugin v23.8 (Yoast SEO v27.3) - https:\/\/yoast.com\/product\/yoast-seo-premium-wordpress\/ -->\n<title>Agency Services - Selectrum Communications<\/title>\n<meta name=\"robots\" content=\"index, follow, max-snippet:-1, max-image-preview:large, max-video-preview:-1\" \/>\n<link rel=\"canonical\" href=\"https:\/\/www.selectrum.com\/en\/services\/agency-services\/\" \/>\n<meta property=\"og:locale\" content=\"en_US\" \/>\n<meta property=\"og:type\" content=\"article\" \/>\n<meta property=\"og:title\" content=\"Agency Services\" \/>\n<meta property=\"og:url\" content=\"https:\/\/www.selectrum.com\/en\/services\/agency-services\/\" \/>\n<meta property=\"og:site_name\" content=\"Selectrum Communications\" \/>\n<meta property=\"article:publisher\" content=\"https:\/\/www.facebook.com\/SelectrumCommunication\/\" \/>\n<meta property=\"article:modified_time\" content=\"2024-08-30T11:15:00+00:00\" \/>\n<meta property=\"og:image\" content=\"https:\/\/www.selectrum.com\/wp-content\/uploads\/2024\/08\/378272396_929772331880390_4114118841335182946_n.jpg\" \/>\n\t<meta property=\"og:image:width\" content=\"1640\" \/>\n\t<meta property=\"og:image:height\" content=\"624\" \/>\n\t<meta property=\"og:image:type\" content=\"image\/jpeg\" \/>\n<script type=\"application\/ld+json\" class=\"yoast-schema-graph\">{\"@context\":\"https:\\\/\\\/schema.org\",\"@graph\":[{\"@type\":\"WebPage\",\"@id\":\"https:\\\/\\\/www.selectrum.com\\\/en\\\/services\\\/agency-services\\\/\",\"url\":\"https:\\\/\\\/www.selectrum.com\\\/en\\\/services\\\/agency-services\\\/\",\"name\":\"Agency Services - Selectrum Communications\",\"isPartOf\":{\"@id\":\"https:\\\/\\\/www.selectrum.com\\\/en\\\/#website\"},\"datePublished\":\"2023-05-18T14:38:40+00:00\",\"dateModified\":\"2024-08-30T11:15:00+00:00\",\"breadcrumb\":{\"@id\":\"https:\\\/\\\/www.selectrum.com\\\/en\\\/services\\\/agency-services\\\/#breadcrumb\"},\"inLanguage\":\"en-CA\",\"potentialAction\":[{\"@type\":\"ReadAction\",\"target\":[\"https:\\\/\\\/www.selectrum.com\\\/en\\\/services\\\/agency-services\\\/\"]}]},{\"@type\":\"BreadcrumbList\",\"@id\":\"https:\\\/\\\/www.selectrum.com\\\/en\\\/services\\\/agency-services\\\/#breadcrumb\",\"itemListElement\":[{\"@type\":\"ListItem\",\"position\":1,\"name\":\"Home\",\"item\":\"https:\\\/\\\/www.selectrum.com\\\/en\\\/\"},{\"@type\":\"ListItem\",\"position\":2,\"name\":\"Services\",\"item\":\"https:\\\/\\\/www.selectrum.com\\\/en\\\/services\\\/\"},{\"@type\":\"ListItem\",\"position\":3,\"name\":\"Agency Services\"}]},{\"@type\":\"WebSite\",\"@id\":\"https:\\\/\\\/www.selectrum.com\\\/en\\\/#website\",\"url\":\"https:\\\/\\\/www.selectrum.com\\\/en\\\/\",\"name\":\"Selectrum Communications\",\"description\":\"\",\"publisher\":{\"@id\":\"https:\\\/\\\/www.selectrum.com\\\/en\\\/#organization\"},\"potentialAction\":[{\"@type\":\"SearchAction\",\"target\":{\"@type\":\"EntryPoint\",\"urlTemplate\":\"https:\\\/\\\/www.selectrum.com\\\/en\\\/?s={search_term_string}\"},\"query-input\":{\"@type\":\"PropertyValueSpecification\",\"valueRequired\":true,\"valueName\":\"search_term_string\"}}],\"inLanguage\":\"en-CA\"},{\"@type\":\"Organization\",\"@id\":\"https:\\\/\\\/www.selectrum.com\\\/en\\\/#organization\",\"name\":\"Selectrum Communications\",\"url\":\"https:\\\/\\\/www.selectrum.com\\\/en\\\/\",\"logo\":{\"@type\":\"ImageObject\",\"inLanguage\":\"en-CA\",\"@id\":\"https:\\\/\\\/www.selectrum.com\\\/en\\\/#\\\/schema\\\/logo\\\/image\\\/\",\"url\":\"https:\\\/\\\/www.selectrum.com\\\/wp-content\\\/uploads\\\/2024\\\/08\\\/75588148_2671091996262930_8000552310327476224_n.jpg\",\"contentUrl\":\"https:\\\/\\\/www.selectrum.com\\\/wp-content\\\/uploads\\\/2024\\\/08\\\/75588148_2671091996262930_8000552310327476224_n.jpg\",\"width\":353,\"height\":353,\"caption\":\"Selectrum Communications\"},\"image\":{\"@id\":\"https:\\\/\\\/www.selectrum.com\\\/en\\\/#\\\/schema\\\/logo\\\/image\\\/\"},\"sameAs\":[\"https:\\\/\\\/www.facebook.com\\\/SelectrumCommunication\\\/\"],\"description\":\"Sp\u00e9cialistes dans la cr\u00e9ation de site Internet sur mesure qui attirent et convertissent vos visiteurs. En combinant cr\u00e9ativit\u00e9 et technologie, nous offrons des solutions adapt\u00e9es \u00e0 vos besoins pour faire grandir votre marque et obtenir des r\u00e9sultats concrets. Ensemble, r\u00e9alisons un projet web exceptionnel.\",\"email\":\"info@selectrum.com\",\"telephone\":\"819-777-4555\",\"legalName\":\"Selectrum Communications Inc.\",\"foundingDate\":\"2000-01-01\",\"numberOfEmployees\":{\"@type\":\"QuantitativeValue\",\"minValue\":\"1\",\"maxValue\":\"10\"}}]}<\/script>\n<!-- \/ Yoast SEO Premium plugin. -->","yoast_head_json":{"title":"Agency Services - Selectrum Communications","robots":{"index":"index","follow":"follow","max-snippet":"max-snippet:-1","max-image-preview":"max-image-preview:large","max-video-preview":"max-video-preview:-1"},"canonical":"https:\/\/www.selectrum.com\/en\/services\/agency-services\/","og_locale":"en_US","og_type":"article","og_title":"Agency Services","og_url":"https:\/\/www.selectrum.com\/en\/services\/agency-services\/","og_site_name":"Selectrum Communications","article_publisher":"https:\/\/www.facebook.com\/SelectrumCommunication\/","article_modified_time":"2024-08-30T11:15:00+00:00","og_image":[{"width":1640,"height":624,"url":"https:\/\/www.selectrum.com\/wp-content\/uploads\/2024\/08\/378272396_929772331880390_4114118841335182946_n.jpg","type":"image\/jpeg"}],"schema":{"@context":"https:\/\/schema.org","@graph":[{"@type":"WebPage","@id":"https:\/\/www.selectrum.com\/en\/services\/agency-services\/","url":"https:\/\/www.selectrum.com\/en\/services\/agency-services\/","name":"Agency Services - Selectrum Communications","isPartOf":{"@id":"https:\/\/www.selectrum.com\/en\/#website"},"datePublished":"2023-05-18T14:38:40+00:00","dateModified":"2024-08-30T11:15:00+00:00","breadcrumb":{"@id":"https:\/\/www.selectrum.com\/en\/services\/agency-services\/#breadcrumb"},"inLanguage":"en-CA","potentialAction":[{"@type":"ReadAction","target":["https:\/\/www.selectrum.com\/en\/services\/agency-services\/"]}]},{"@type":"BreadcrumbList","@id":"https:\/\/www.selectrum.com\/en\/services\/agency-services\/#breadcrumb","itemListElement":[{"@type":"ListItem","position":1,"name":"Home","item":"https:\/\/www.selectrum.com\/en\/"},{"@type":"ListItem","position":2,"name":"Services","item":"https:\/\/www.selectrum.com\/en\/services\/"},{"@type":"ListItem","position":3,"name":"Agency Services"}]},{"@type":"WebSite","@id":"https:\/\/www.selectrum.com\/en\/#website","url":"https:\/\/www.selectrum.com\/en\/","name":"Selectrum Communications","description":"","publisher":{"@id":"https:\/\/www.selectrum.com\/en\/#organization"},"potentialAction":[{"@type":"SearchAction","target":{"@type":"EntryPoint","urlTemplate":"https:\/\/www.selectrum.com\/en\/?s={search_term_string}"},"query-input":{"@type":"PropertyValueSpecification","valueRequired":true,"valueName":"search_term_string"}}],"inLanguage":"en-CA"},{"@type":"Organization","@id":"https:\/\/www.selectrum.com\/en\/#organization","name":"Selectrum Communications","url":"https:\/\/www.selectrum.com\/en\/","logo":{"@type":"ImageObject","inLanguage":"en-CA","@id":"https:\/\/www.selectrum.com\/en\/#\/schema\/logo\/image\/","url":"https:\/\/www.selectrum.com\/wp-content\/uploads\/2024\/08\/75588148_2671091996262930_8000552310327476224_n.jpg","contentUrl":"https:\/\/www.selectrum.com\/wp-content\/uploads\/2024\/08\/75588148_2671091996262930_8000552310327476224_n.jpg","width":353,"height":353,"caption":"Selectrum Communications"},"image":{"@id":"https:\/\/www.selectrum.com\/en\/#\/schema\/logo\/image\/"},"sameAs":["https:\/\/www.facebook.com\/SelectrumCommunication\/"],"description":"Sp\u00e9cialistes dans la cr\u00e9ation de site Internet sur mesure qui attirent et convertissent vos visiteurs. En combinant cr\u00e9ativit\u00e9 et technologie, nous offrons des solutions adapt\u00e9es \u00e0 vos besoins pour faire grandir votre marque et obtenir des r\u00e9sultats concrets. Ensemble, r\u00e9alisons un projet web exceptionnel.","email":"info@selectrum.com","telephone":"819-777-4555","legalName":"Selectrum Communications Inc.","foundingDate":"2000-01-01","numberOfEmployees":{"@type":"QuantitativeValue","minValue":"1","maxValue":"10"}}]}},"_links":{"self":[{"href":"https:\/\/www.selectrum.com\/en\/wp-json\/wp\/v2\/pages\/4175","targetHints":{"allow":["GET"]}}],"collection":[{"href":"https:\/\/www.selectrum.com\/en\/wp-json\/wp\/v2\/pages"}],"about":[{"href":"https:\/\/www.selectrum.com\/en\/wp-json\/wp\/v2\/types\/page"}],"author":[{"embeddable":true,"href":"https:\/\/www.selectrum.com\/en\/wp-json\/wp\/v2\/users\/1"}],"replies":[{"embeddable":true,"href":"https:\/\/www.selectrum.com\/en\/wp-json\/wp\/v2\/comments?post=4175"}],"version-history":[{"count":4,"href":"https:\/\/www.selectrum.com\/en\/wp-json\/wp\/v2\/pages\/4175\/revisions"}],"predecessor-version":[{"id":4290,"href":"https:\/\/www.selectrum.com\/en\/wp-json\/wp\/v2\/pages\/4175\/revisions\/4290"}],"up":[{"embeddable":true,"href":"https:\/\/www.selectrum.com\/en\/wp-json\/wp\/v2\/pages\/4177"}],"wp:attachment":[{"href":"https:\/\/www.selectrum.com\/en\/wp-json\/wp\/v2\/media?parent=4175"}],"curies":[{"name":"wp","href":"https:\/\/api.w.org\/{rel}","templated":true}]}}